{"id":1073,"date":"2017-07-17T17:12:14","date_gmt":"2017-07-17T15:12:14","guid":{"rendered":"http:\/\/www.kago.com\/?page_id=1073\/"},"modified":"2024-04-10T09:03:05","modified_gmt":"2024-04-10T07:03:05","slug":"instructions-pour-le-montage","status":"publish","type":"page","link":"https:\/\/www.kago.com\/fr\/instructions-pour-le-montage\/","title":{"rendered":"Instructions pour le montage"},"content":{"rendered":"<h2>Version vid\u00e9o<\/h2>\n<ul>\n<li><a href=\"https:\/\/www.kago.com\/fr\/instructions-pour-le-montage\/introduction\/\">Video 1: Introduction<\/a><\/li>\n<li><a href=\"https:\/\/www.kago.com\/fr\/instructions-pour-le-montage\/montage-et-demontage\/\">Video 2: Montage et d\u00e9montage<\/a><\/li>\n<li><a href=\"https:\/\/www.kago.com\/fr\/instructions-pour-le-montage\/types-e2-e3\/\">Video 3: Types E2 \/ E3<\/a><\/li>\n<li><a href=\"https:\/\/www.kago.com\/fr\/instructions-pour-le-montage\/type-e4\/\">Video 4: Type E4<\/a><\/li>\n<li><a href=\"https:\/\/www.kago.com\/fr\/instructions-pour-le-montage\/types-gi-ei-ea\/\">Video 5: Types GI \/ Ei \/ EA<\/a><\/li>\n<li><a href=\"https:\/\/www.kago.com\/fr\/instructions-pour-le-montage\/joints-de-rails-electriques\/\">Video 6: Joints de rails \u00e9lectriques<\/a><\/li>\n<li><a href=\"https:\/\/www.kago.com\/fr\/instructions-pour-le-montage\/reutilisation-des-pinces-de-contact-kago\/\">Video 7: R\u00e9utilisation des pinces de contact KAGO<\/a><\/li>\n<li><a href=\"https:\/\/www.kago.com\/fr\/instructions-pour-le-montage\/recapitulatif\/\">Video 8: R\u00e9capitulatif<\/a><\/li>\n<div class=\"wc-shortcodes-row wc-shortcodes-item wc-shortcodes-clearfix\">\n<div class=\"wc-shortcodes-column wc-shortcodes-content wc-shortcodes-one-half wc-shortcodes-column-first \">\n<h2>Version imprim\u00e9e<\/h2>\n<p><a href=\"https:\/\/www.kago.com\/wp-content\/uploads\/2017\/07\/f_62_mi.pdf\"target=\"_blank\" ><i class=\"fa fa-file-pdf-o fa-2x\" aria-hidden=\"true\"><\/i> Fran\u00e7ais: Instructions de montage<\/a>\n<\/div>\n<div class=\"wc-shortcodes-column wc-shortcodes-content wc-shortcodes-one-half wc-shortcodes-column-last \">\n<h2>Autres langues<\/h2>\n<ul>\n<li><a href=\"https:\/\/www.kago.com\/produkte\/kontaktklemmen\/montageinstruktionen\/\">Deutsch: Montage-Instruktionen<\/a><\/li>\n<li><a href=\"https:\/\/www.kago.com\/en\/products\/rail-contact-clamps\/mounting-instructions\/\">English: Mounting instructions<\/a><\/li>\n<li><a href=\"https:\/\/www.kago.com\/it\/istruzioni-per-il-montaggio\/\">Italiano: Manuale di montaggio<\/a><\/li>\n<\/ul>\n<\/div>\n<\/div>\n","protected":false},"excerpt":{"rendered":"<p>Version vid\u00e9o Video 1: Introduction Video 2: Montage et d\u00e9montage Video 3: Types E2 \/ E3 Video 4: Type E4 Video 5: Types GI \/ Ei \/ EA Video 6: Joints de rails \u00e9lectriques Video 7: R\u00e9utilisation des pinces de contact KAGO Video 8: R\u00e9capitulatif Version imprim\u00e9e Fran\u00e7ais: Instructions de montage Autres langues Deutsch: Montage-Instruktionen &hellip; <a href=\"https:\/\/www.kago.com\/fr\/instructions-pour-le-montage\/\" class=\"more-link\">Continuer la lecture<span class=\"screen-reader-text\"> de &laquo;&nbsp;Instructions pour le montage&nbsp;&raquo;<\/span><\/a><\/p>\n","protected":false},"author":1,"featured_media":0,"parent":0,"menu_order":30,"comment_status":"closed","ping_status":"closed","template":"","meta":{"footnotes":""},"class_list":["post-1073","page","type-page","status-publish","hentry"],"_links":{"self":[{"href":"https:\/\/www.kago.com\/fr\/wp-json\/wp\/v2\/pages\/1073","targetHints":{"allow":["GET"]}}],"collection":[{"href":"https:\/\/www.kago.com\/fr\/wp-json\/wp\/v2\/pages"}],"about":[{"href":"https:\/\/www.kago.com\/fr\/wp-json\/wp\/v2\/types\/page"}],"author":[{"embeddable":true,"href":"https:\/\/www.kago.com\/fr\/wp-json\/wp\/v2\/users\/1"}],"replies":[{"embeddable":true,"href":"https:\/\/www.kago.com\/fr\/wp-json\/wp\/v2\/comments?post=1073"}],"version-history":[{"count":9,"href":"https:\/\/www.kago.com\/fr\/wp-json\/wp\/v2\/pages\/1073\/revisions"}],"predecessor-version":[{"id":11373,"href":"https:\/\/www.kago.com\/fr\/wp-json\/wp\/v2\/pages\/1073\/revisions\/11373"}],"wp:attachment":[{"href":"https:\/\/www.kago.com\/fr\/wp-json\/wp\/v2\/media?parent=1073"}],"curies":[{"name":"wp","href":"https:\/\/api.w.org\/{rel}","templated":true}]}}